{"id":731,"date":"2024-07-15T14:29:00","date_gmt":"2024-07-15T14:29:00","guid":{"rendered":"https:\/\/totalmediaacademy.com\/?page_id=731"},"modified":"2025-07-01T13:51:35","modified_gmt":"2025-07-01T13:51:35","slug":"aviso-legal","status":"publish","type":"page","link":"https:\/\/totalmediaacademy.com\/es\/aviso-legal\/","title":{"rendered":"Aviso legal"},"content":{"rendered":"<p>Total Media Academy SL, en adelante, TMA responsable de este sitio web, pone a disposici\u00f3n de los usuarios de Internet el presente documento, cuya finalidad es cumplir las obligaciones establecidas en la\u00a0Ley 34\/2002, de 11 de junio, de Servicios de la Sociedad de la\u00a0Informaci\u00f3n\u00a0y de Comercio Electr\u00f3nico (LSSICE)\u00a0y dem\u00e1s normativa aplicable, as\u00ed como proporcionar\u00a0informaci\u00f3n\u00a0sobre las condiciones de uso.<\/p>\n<p><strong>DATOS IDENTIFICATIVOS<\/strong><\/p>\n<p>En cumplimiento del deber de\u00a0informaci\u00f3n\u00a0regulado en el\u00a0art. 10 LSSICE, a continuaci\u00f3n se facilitan los datos necesarios del titular de la p\u00e1gina web:<\/p>\n<p>La empresa que gestiona los servicios y el dominio web es Total Media Academy SL con NIF\/CIF B5673819, con domicilio social a estos efectos en Diputaci\u00f3n 277, Barcelona, tel\u00e9fono 633 10 39 37, direcci\u00f3n de correo electr\u00f3nico de contacto info@totalmediaacademy.com, inscrita en el Registro Mercantil Barcelona, Tomo 49029, Folio 181.<\/p>\n<p><strong>USUARIOS<\/strong><\/p>\n<p>Toda persona, ya sea f\u00edsica o jur\u00eddica, que acceda, navegue, utilice o participe en los servicios y actividades, gratuitas u onerosas, desarrolladas mediante esta p\u00e1gina web asume la condici\u00f3n de USUARIO, y como tal, a trav\u00e9s de dicho acceso, se compromete a la observancia y riguroso cumplimiento de las disposiciones aqu\u00ed presentes, as\u00ed como a cualquier otra disposici\u00f3n\u00a0legal\u00a0que resulte de aplicaci\u00f3n, oblig\u00e1ndose as\u00ed a hacer un uso correcto del sitio web. El usuario responder\u00e1 frente a TMA o frente a terceros, de cualesquiera da\u00f1os y perjuicios que pudieran causarse como consecuencia del incumplimiento de dicha obligaci\u00f3n.<\/p>\n<p><strong>MODIFICACIONES<\/strong><\/p>\n<p>TMA se reserva el derecho de realizar unilateralmente las modificaciones que estime pertinentes en su portal, pudiendo cambiar, suprimir o a\u00f1adir tanto los contenidos como los servicios que se presten a trav\u00e9s del mismo, sin que exista obligaci\u00f3n de preavisar o poner en conocimiento de los usuarios dichas modificaciones, entendi\u00e9ndose como suficiente con la publicaci\u00f3n en el sitio web del prestador.<\/p>\n<p>La duraci\u00f3n de la prestaci\u00f3n del servicio del portal se limita al momento en que el usuario est\u00e9 conectado al sitio web o a alguno de los servicios que \u00e9ste proporciona. Por ello, el usuario, en cada ocasi\u00f3n que pretenda utilizar el portal, debe leer detenidamente este Aviso\u00a0Legal, ya que el mismo y sus respectivas condiciones de uso pueden verse alteradas en cualquier momento. Por tanto, la vigencia de las citadas condiciones variar\u00e1 en funci\u00f3n de su exposici\u00f3n y se mantendr\u00e1 mientras est\u00e9n debidamente publicadas, hasta que se vean sustituidas por otras.<\/p>\n<p><strong>CONDICIONES DE USO DEL SITIO WEB<\/strong><\/p>\n<p>Las presentes condiciones de uso y navegaci\u00f3n tienen como finalidad regular la relaci\u00f3n entre el titular de la p\u00e1gina web, TMA, como prestador del servicio, y los usuarios que acceden, navegan y disfrutan del servicio ofrecido.<\/p>\n<p>www.totalmediaacademy.com proporciona el acceso libre y gratuito a gran cantidad de\u00a0informaci\u00f3n, servicios y datos (en adelante, \u201clos contenidos\u201d), cuya propiedad pertenece a TMA o a sus licenciantes a los que el usuario puede tener acceso.<\/p>\n<p>El usuario asume la responsabilidad del uso adecuado del portal de conformidad con la Ley y las presentes condiciones, responsabilidad que se extiende al registro necesario para acceder a determinados servicios y contenidos que se prestan. Dicho registro conlleva la cumplimentaci\u00f3n del correspondiente formulario, en el cual el usuario garantiza la autenticidad y actualidad de todos aquellos datos que comunique y se compromete a no proporcionar\u00a0informaci\u00f3n\u00a0o documentaci\u00f3n falsa, fraudulenta o il\u00edcita. A ra\u00edz del mismo puede surgir la creaci\u00f3n de una contrase\u00f1a que el usuario deber\u00e1 conservar diligentemente y de manera confidencial. El usuario ser\u00e1 el \u00fanico responsable de las manifestaciones falsas o inexactas que realice y de los perjuicios que cause a TMA\u00a0 o a terceros por la\u00a0informaci\u00f3n\u00a0que facilite.<\/p>\n<p>El usuario se compromete expresamente a hacer un adecuado uso de los contenidos y servicios que www.totalmediaacademy.com ofrece, conforme a lo establecido en la ley, la moral, el orden p\u00fablico y las presentes condiciones y, con car\u00e1cter enunciativo pero no limitativo, a no emplearlos para:<\/p>\n<p>Difundir contenidos delictivos, violentos, pornogr\u00e1ficos, racistas, xen\u00f3fobos, ofensivos, de apolog\u00eda al terrorismo, que atenten contra los derecho humanos o, en general, contrarios a la ley o al orden p\u00fablico.<\/p>\n<p>Introducir intencionadamente en la red virus inform\u00e1ticos o realizar actuaciones susceptibles de alterar, estropear, interrumpir o generar errores o da\u00f1os en los sistemas f\u00edsicos y l\u00f3gicos de TMA, creadora del sitio web, o de terceras personas; as\u00ed como obstaculizar el acceso de otros usuarios al sitio web y a sus servicios mediante el consumo masivo de los recursos inform\u00e1ticos a trav\u00e9s de los cuales TMA presta sus servicios.<\/p>\n<p>Intentar acceder a las cuentas de correo electr\u00f3nico de otros usuarios o a \u00e1reas restringidas de los sistemas inform\u00e1ticos de TMA\u00a0 o de terceros y, en su caso, extraer\u00a0informaci\u00f3n.<\/p>\n<p>Vulnerar los derechos de propiedad intelectual o industrial, as\u00ed como difundir, transmitir o poner a disposici\u00f3n de terceros cualquier tipo de\u00a0informaci\u00f3n, elemento o contenido que suponga una violaci\u00f3n del secreto de las comunicaciones y la legislaci\u00f3n sobre protecci\u00f3n de datos de car\u00e1cter personal.<\/p>\n<p>Suplantar la identidad de otro usuario, de las administraciones p\u00fablicas o de un tercero, utilizando sus claves de registro a los distintos servicios y\/o contenidos del sitio web.<\/p>\n<p>Reproducir, copiar, distribuir, poner a disposici\u00f3n o de cualquier otra forma comunicar p\u00fablicamente, transformar o modificar los contenidos, a menos que se cuente con la autorizaci\u00f3n del titular de los correspondientes derechos de explotaci\u00f3n o ello resulte\u00a0legalmente permitido.<\/p>\n<p>Recabar datos con finalidad publicitaria y remitir publicidad de cualquier clase y comunicaciones con fines de venta u otra de naturaleza comercial sin que medie previa solicitud o consentimiento.<\/p>\n<p>Cualquier incumplimiento de las cl\u00e1usulas contenidas en el presente sitio web (Aviso\u00a0Legal, Pol\u00edtica de Privacidad, Pol\u00edtica de Cookies, as\u00ed como otros contenidos que supongan obligaciones para el usuario) y en general de la\u00a0legalidad vigente en Espa\u00f1a, se comunicar\u00e1 inmediatamente por parte de Total Media Academy SL a las autoridades pertinentes, comprometi\u00e9ndose \u00e9sta a cooperar con las mismas. En tal caso, el usuario responder\u00e1 frente a TMA\u00a0 o frente a terceros, de cualesquiera da\u00f1os y perjuicios que pudieran causarse como consecuencia del incumplimiento de estas obligaciones.<\/p>\n<p>TMA\u00a0 no garantiza que su p\u00e1gina web cumpla, total o parcialmente, con las legislaciones de otros pa\u00edses. Por tanto, si el usuario reside o se encuentra domiciliado en cualquier otro lugar que no sea Espa\u00f1a, y decide acceder y\/o navegar en el presente sitio web, lo har\u00e1 bajo su propia responsabilidad y riesgo, debiendo asegurarse de que tal acceso y\/o navegaci\u00f3n cumple con la legislaci\u00f3n local aplicable en su caso.<\/p>\n<p>TMA\u00a0 no se hace responsable de ning\u00fan da\u00f1o o p\u00e9rdida que se derive de un ataque de denegaci\u00f3n de servicio, virus o cualquier otro programa o material tecnol\u00f3gicamente perjudicial que pueda afectar a su ordenador, equipo inform\u00e1tico, datos o materiales como consecuencia del uso de esta p\u00e1gina web o de la descarga de contenidos de la misma o a los que la misma redireccione.<\/p>\n<p><strong>NOTIFICACIONES<\/strong><\/p>\n<p>Todas las notificaciones y comunicaciones entre los usuarios y TMA se considerar\u00e1n eficaces, a todos los efectos, cuando se realicen a trav\u00e9s de correo postal, correo electr\u00f3nico o comunicaci\u00f3n telef\u00f3nica. Los usuarios deber\u00e1n dirigirse a Total Media Academy SL\u00a0 mediante:<\/p>\n<p>a) Env\u00edo por correo postal a la siguiente direcci\u00f3n: C\/ Diputaci\u00f3 277 (Barcelona, 08007)<\/p>\n<p>b) Comunicaci\u00f3n por medio de llamada telef\u00f3nica al n\u00famero de tel\u00e9fono: 633 10 39 37<\/p>\n<p>c) Env\u00edo por correo electr\u00f3nico a la siguiente direcci\u00f3n: admin@totalmediaacademy.com<\/p>\n<p>Mediante el uso de esta p\u00e1gina web, el usuario acepta impl\u00edcitamente que la mayor parte de las comunicaciones se realizar\u00e1n por v\u00eda electr\u00f3nica. A efectos contractuales, el usuario consiente usar este medio electr\u00f3nico de comunicaci\u00f3n y reconoce que toda comunicaci\u00f3n que se le env\u00ede de forma electr\u00f3nica cumple con los requisitos\u00a0legales.<\/p>\n<p><strong>PROTECCI\u00d3N DE DATOS DE CAR\u00c1CTER PERSONAL<\/strong><\/p>\n<p>El titular de la p\u00e1gina web se compromete a tratar los datos personales del usuario de conformidad con lo establecido en la legislaci\u00f3n vigente en la materia. Concretamente, se compromete a aplicar lo dispuesto en la\u00a0LO 3\/2018, de 5 de diciembre, de Protecci\u00f3n de Datos de Car\u00e1cter Personal y garant\u00eda de los derechos digitales, y en el\u00a0Reglamento (UE) 2016\/679\u00a0del Parlamento Europeo y del Consejo de 27 de abril de 2016.<\/p>\n<p>Para m\u00e1s\u00a0informaci\u00f3n\u00a0sobre el tratamiento de sus datos personales en el portal, dir\u00edjase a la Pol\u00edtica de Privacidad.<\/p>\n<p><strong>PROPIEDAD INTELECTUAL E INDUSTRIAL<\/strong><\/p>\n<p>Todos los contenidos del sitio web, entre otros, textos, fotograf\u00edas, gr\u00e1ficos, im\u00e1genes, iconos, tecnolog\u00eda, software, links y dem\u00e1s contenidos audiovisuales, as\u00ed como su dise\u00f1o gr\u00e1fico y c\u00f3digos fuente, constituyen una obra cuya propiedad pertenece a TMA, sin que puedan entenderse cedidos al usuario ninguno de los derechos de explotaci\u00f3n sobre los mismos m\u00e1s all\u00e1 de lo estrictamente necesario para el correcto uso de la web, y con independencia de que sean susceptibles o no de propiedad intelectual.<\/p>\n<p>Asimismo, todas las marcas, nombres comerciales o signos distintivos de cualquier clase que aparecen en el sitio web son propiedad de TMA,\u00a0 sin que pueda entenderse que el uso o acceso al mismo atribuya al usuario derecho alguno sobre los mismos.<\/p>\n<p>Queda prohibida la reproducci\u00f3n total o parcial, explotaci\u00f3n, distribuci\u00f3n, modificaci\u00f3n, cesi\u00f3n o comunicaci\u00f3n p\u00fablica de los contenidos y cualquier otro acto que no haya sido expresamente autorizado por el titular de los derechos de explotaci\u00f3n. Cualquier uso no autorizado previamente se considera un incumplimiento grave de los derechos de propiedad intelectual o industrial del autor.<\/p>\n<p>Para realizar cualquier tipo de observaci\u00f3n respecto a posibles incumplimientos de los derechos de propiedad intelectual o industrial, as\u00ed como sobre cualquiera de los contenidos del sitio web, el usuario deber\u00e1 notificar dicha circunstancia a Total Media Academy, adjuntando la\u00a0informaci\u00f3n\u00a0pertinente.<\/p>\n<p>En cualquier caso, Total Media Academy no asume responsabilidad alguna respecto de los derechos de propiedad intelectual o industrial titularidad de terceros que se vean infringidos por un tercero o por el usuario.<\/p>\n<p><strong>ENLACES<\/strong><\/p>\n<p>El sitio web de www.totalmediaacademy.com puede contener enlaces o hiperv\u00ednculos a otros sitios de Internet, respecto a los cuales no ejerce ning\u00fan tipo de control. Por tanto, una vez que el usuario acceda a los enlaces de terceros y abandone el sitio web, tanto el presente Aviso\u00a0Legal, como la Pol\u00edtica de Privacidad y la Pol\u00edtica de Cookies dejar\u00e1n de surtir efecto, ya que los sitios web a los que el usuario acceda est\u00e1n sujetos a sus propias pol\u00edticas.<\/p>\n<p>TMA no puede asumir responsabilidad alguna por el contenido que pueda aparecer en p\u00e1ginas de terceros, ni garantiza la disponibilidad t\u00e9cnica, calidad, fiabilidad, exactitud, amplitud, veracidad, validez y constitucionalidad de cualquier material o\u00a0informaci\u00f3n\u00a0contenida en ninguno de dichos enlaces o hiperv\u00ednculos. Asimismo, la inclusi\u00f3n de estas conexiones externas a sitios web ajenos no implica ning\u00fan tipo de asociaci\u00f3n, fusi\u00f3n o participaci\u00f3n con las entidades conectadas.<\/p>\n<p><strong>EXCLUSI\u00d3N DE GARANT\u00cdAS Y RESPONSABILIDAD<\/strong><\/p>\n<p>La\u00a0informaci\u00f3n\u00a0suministrada por del presente sitio web es de car\u00e1cter general y tiene una finalidad meramente informativa, sin que se garantice plenamente el acceso a todos los contenidos, ni su exactitud, exhaustividad, correcci\u00f3n, vigencia o actualidad, ni su idoneidad o utilidad para un objetivo espec\u00edfico.<\/p>\n<p>TMA no se hace responsable, en ning\u00fan caso, de los da\u00f1os y perjuicios de cualquier naturaleza derivados de, a t\u00edtulo enunciativo:<\/p>\n<p>Lista sin orden Errores u omisiones en los contenidos. TMA no garantiza que los contenidos vayan a estar actualizados permanentemente, ni que carezcan de cualquier tipo de error.<\/p>\n<p>Lista sin orden Ausencia de disponibilidad del portal. TMA no se hace responsable de los posibles da\u00f1os o perjuicios generados en el usuario como consecuencia de fallos o desconexiones en las redes de telecomunicaciones que supongan la suspensi\u00f3n, cancelaci\u00f3n o interrupci\u00f3n del servicio del sitio web, ya que el funcionamiento de estas redes depende de terceros.<\/p>\n<p>Lista sin orden Presencia de virus o programas maliciosos o lesivos en los contenidos que puedan alterar los sistemas inform\u00e1ticos, documentos electr\u00f3nicos o datos de los usuarios, a pesar de haber adoptado todas las medidas tecnol\u00f3gicas necesarias para prevenirlo. Corresponde al usuario, en todo caso, estar provisto de herramientas adecuadas que le protejan ante programas inform\u00e1ticos da\u00f1inos.<\/p>\n<p><strong>LEY APLICABLE Y JURISDICCI\u00d3N<\/strong><\/p>\n<p>Las relaciones establecidas entre Total Media Academy SL, titular de la p\u00e1gina web, y el usuario se regir\u00e1 por la normativa espa\u00f1ola vigente y la resoluci\u00f3n de cualquier posible controversia que pueda surgir quedar\u00e1 sometida a los Juzgados y tribunales de la ciudad de Barcelona.<\/p>\n","protected":false},"excerpt":{"rendered":"<p>Total Media Academy SL, en adelante, TMA responsable de este sitio web, pone a disposici\u00f3n de los usuarios de Internet el presente documento, cuya finalidad es cumplir las obligaciones establecidas en la\u00a0Ley 34\/2002, de 11 de junio, de Servicios de la Sociedad de la\u00a0Informaci\u00f3n\u00a0y de Comercio Electr\u00f3nico (LSSICE)\u00a0y dem\u00e1s normativa aplicable, as\u00ed como proporcionar\u00a0informaci\u00f3n\u00a0sobre las [&hellip;]<\/p>\n","protected":false},"author":1,"featured_media":0,"parent":0,"menu_order":0,"comment_status":"closed","ping_status":"closed","template":"","meta":{"_acf_changed":false,"footnotes":""},"class_list":["post-731","page","type-page","status-publish","hentry"],"acf":[],"yoast_head":"<!-- This site is optimized with the Yoast SEO plugin v25.6 - https:\/\/yoast.com\/wordpress\/plugins\/seo\/ -->\n<title>Aviso legal - Total Media Academy<\/title>\n<meta name=\"robots\" content=\"noindex, follow\" \/>\n<meta property=\"og:locale\" content=\"es_ES\" \/>\n<meta property=\"og:type\" content=\"article\" \/>\n<meta property=\"og:title\" content=\"Aviso legal - Total Media Academy\" \/>\n<meta property=\"og:description\" content=\"Total Media Academy SL, en adelante, TMA responsable de este sitio web, pone a disposici\u00f3n de los usuarios de Internet el presente documento, cuya finalidad es cumplir las obligaciones establecidas en la\u00a0Ley 34\/2002, de 11 de junio, de Servicios de la Sociedad de la\u00a0Informaci\u00f3n\u00a0y de Comercio Electr\u00f3nico (LSSICE)\u00a0y dem\u00e1s normativa aplicable, as\u00ed como proporcionar\u00a0informaci\u00f3n\u00a0sobre las [&hellip;]\" \/>\n<meta property=\"og:url\" content=\"https:\/\/totalmediaacademy.com\/es\/aviso-legal\/\" \/>\n<meta property=\"og:site_name\" content=\"Total Media Academy\" \/>\n<meta property=\"article:modified_time\" content=\"2025-07-01T13:51:35+00:00\" \/>\n<meta name=\"twitter:card\" content=\"summary_large_image\" \/>\n<meta name=\"twitter:label1\" content=\"Tiempo de lectura\" \/>\n\t<meta name=\"twitter:data1\" content=\"10 minutos\" \/>\n<!-- \/ Yoast SEO plugin. -->","yoast_head_json":{"title":"Aviso legal - Total Media Academy","robots":{"index":"noindex","follow":"follow"},"og_locale":"es_ES","og_type":"article","og_title":"Aviso legal - Total Media Academy","og_description":"Total Media Academy SL, en adelante, TMA responsable de este sitio web, pone a disposici\u00f3n de los usuarios de Internet el presente documento, cuya finalidad es cumplir las obligaciones establecidas en la\u00a0Ley 34\/2002, de 11 de junio, de Servicios de la Sociedad de la\u00a0Informaci\u00f3n\u00a0y de Comercio Electr\u00f3nico (LSSICE)\u00a0y dem\u00e1s normativa aplicable, as\u00ed como proporcionar\u00a0informaci\u00f3n\u00a0sobre las [&hellip;]","og_url":"https:\/\/totalmediaacademy.com\/es\/aviso-legal\/","og_site_name":"Total Media Academy","article_modified_time":"2025-07-01T13:51:35+00:00","twitter_card":"summary_large_image","twitter_misc":{"Tiempo de lectura":"10 minutos"},"schema":{"@context":"https:\/\/schema.org","@graph":[{"@type":"WebPage","@id":"https:\/\/totalmediaacademy.com\/es\/aviso-legal\/","url":"https:\/\/totalmediaacademy.com\/es\/aviso-legal\/","name":"Aviso legal - Total Media Academy","isPartOf":{"@id":"https:\/\/totalmediaacademy.com\/es\/#website"},"datePublished":"2024-07-15T14:29:00+00:00","dateModified":"2025-07-01T13:51:35+00:00","inLanguage":"es","potentialAction":[{"@type":"ReadAction","target":["https:\/\/totalmediaacademy.com\/es\/aviso-legal\/"]}]},{"@type":"WebSite","@id":"https:\/\/totalmediaacademy.com\/es\/#website","url":"https:\/\/totalmediaacademy.com\/es\/","name":"Total Media Academy","description":"","publisher":{"@id":"https:\/\/totalmediaacademy.com\/es\/#organization"},"potentialAction":[{"@type":"SearchAction","target":{"@type":"EntryPoint","urlTemplate":"https:\/\/totalmediaacademy.com\/es\/?s={search_term_string}"},"query-input":{"@type":"PropertyValueSpecification","valueRequired":true,"valueName":"search_term_string"}}],"inLanguage":"es"},{"@type":"Organization","@id":"https:\/\/totalmediaacademy.com\/es\/#organization","name":"Total Media Academy","url":"https:\/\/totalmediaacademy.com\/es\/","logo":{"@type":"ImageObject","inLanguage":"es","@id":"https:\/\/totalmediaacademy.com\/es\/#\/schema\/logo\/image\/","url":"https:\/\/totalmediaacademy.com\/wp-content\/uploads\/2024\/04\/cropped-cropped-favicon.jpg","contentUrl":"https:\/\/totalmediaacademy.com\/wp-content\/uploads\/2024\/04\/cropped-cropped-favicon.jpg","width":512,"height":512,"caption":"Total Media Academy"},"image":{"@id":"https:\/\/totalmediaacademy.com\/es\/#\/schema\/logo\/image\/"},"sameAs":["https:\/\/www.linkedin.com\/company\/total-media-academy\/"]}]}},"_links":{"self":[{"href":"https:\/\/totalmediaacademy.com\/es\/wp-json\/wp\/v2\/pages\/731","targetHints":{"allow":["GET"]}}],"collection":[{"href":"https:\/\/totalmediaacademy.com\/es\/wp-json\/wp\/v2\/pages"}],"about":[{"href":"https:\/\/totalmediaacademy.com\/es\/wp-json\/wp\/v2\/types\/page"}],"author":[{"embeddable":true,"href":"https:\/\/totalmediaacademy.com\/es\/wp-json\/wp\/v2\/users\/1"}],"replies":[{"embeddable":true,"href":"https:\/\/totalmediaacademy.com\/es\/wp-json\/wp\/v2\/comments?post=731"}],"version-history":[{"count":2,"href":"https:\/\/totalmediaacademy.com\/es\/wp-json\/wp\/v2\/pages\/731\/revisions"}],"predecessor-version":[{"id":738,"href":"https:\/\/totalmediaacademy.com\/es\/wp-json\/wp\/v2\/pages\/731\/revisions\/738"}],"wp:attachment":[{"href":"https:\/\/totalmediaacademy.com\/es\/wp-json\/wp\/v2\/media?parent=731"}],"curies":[{"name":"wp","href":"https:\/\/api.w.org\/{rel}","templated":true}]}}