{"id":742,"date":"2024-07-15T14:29:00","date_gmt":"2024-07-15T14:29:00","guid":{"rendered":"https:\/\/totalmediaacademy.com\/?page_id=742"},"modified":"2024-07-15T14:43:23","modified_gmt":"2024-07-15T14:43:23","slug":"avis-legal","status":"publish","type":"page","link":"https:\/\/totalmediaacademy.com\/ca\/avis-legal\/","title":{"rendered":"Avis legal"},"content":{"rendered":"<p>Total Media Academy SL, en endavant, TMA responsable d&#8217;aquest lloc web, posa a disposici\u00f3 dels usuaris d&#8217;Internet aquest document, la finalitat del qual \u00e9s complir les obligacions establertes a la Llei 34\/2002, d&#8217;11 de juny, de serveis de la Societat de la Informaci\u00f3 i de Comer\u00e7 Electr\u00f2nic (LSSICE) i la resta de normativa aplicable, aix\u00ed com proporcionar informaci\u00f3 sobre les condicions d\u00fas.<\/p>\n<p><strong>DADES IDENTIFICATIVES<\/strong><\/p>\n<p>En compliment del deure informaci\u00f3 regulat a l&#8217;art. 10 LSSICE, a continuaci\u00f3 es faciliten les dades necess\u00e0ries del titular de la p\u00e0gina web:<\/p>\n<p>L&#8217;empresa que gestiona els serveis i el domini web \u00e9s Total Media Academy SL amb NIF\/CIF B5673819, amb domicili social a aquest efecte a Diputaci\u00f3 277, Barcelona, tel\u00e8fon 633 10 39 37, adre\u00e7a de correu electr\u00f2nic de contacte info@totalmediaacademy.com , inscrita al Registre Mercantil Barcelona, Tom 49029, Foli 181.<\/p>\n<p><strong>USUARIS<\/strong><\/p>\n<p>Tota persona, ja sigui f\u00edsica o jur\u00eddica, que accedeixi, navegui, utilitzi o participi en els serveis i activitats, gratu\u00eftes o oneroses, desenvolupades mitjan\u00e7ant aquesta p\u00e0gina web assumeix la condici\u00f3 d&#8217;USUARI, i com a tal, mitjan\u00e7ant aquest acc\u00e9s, es compromet a l&#8217;observan\u00e7a i rigor\u00f3s compliment de les disposicions aqu\u00ed presents, aix\u00ed com a qualsevol altra disposici\u00f3 legal que sigui aplicable, obligant-se aix\u00ed a fer un \u00fas correcte del lloc web. L&#8217;usuari respondr\u00e0 davant de TMA o davant de tercers, de qualssevol danys i perjudicis que es puguin causar com a conseq\u00fc\u00e8ncia de l&#8217;incompliment d&#8217;aquesta obligaci\u00f3.<\/p>\n<p><strong>MODIFICACIONS<\/strong><\/p>\n<p>TMA es reserva el dret de realitzar unilateralment les modificacions que estimi pertinents al seu portal, podent canviar, suprimir o afegir tant els continguts com els serveis que es prestin a trav\u00e9s del mateix, sense que hi hagi obligaci\u00f3 de preavisar o posar en coneixement dels usuaris aquestes modificacions, entenent-se com a suficient amb la publicaci\u00f3 al lloc web del prestador.<\/p>\n<p>La durada de la prestaci\u00f3 del servei del portal es limita al moment en qu\u00e8 l&#8217;usuari estigui connectat al lloc web oa algun dels serveis que proporciona. Per aix\u00f2, l&#8217;usuari, en cada ocasi\u00f3 que pretengui utilitzar el portal, ha de llegir detingudament aquest Av\u00eds Legal, ja que el mateix i les seves condicions d&#8217;\u00fas respectives es poden veure alterades en qualsevol moment. Per tant, la vig\u00e8ncia de les condicions esmentades variar\u00e0 en funci\u00f3 de la seva exposici\u00f3 i es mantindr\u00e0 mentre estiguin degudament publicades, fins que es vegin substitu\u00efdes per altres.<\/p>\n<p><strong>CONDICIONS D&#8217;\u00daS DEL LLOC WEB<\/strong><\/p>\n<p>Aquestes condicions d&#8217;\u00fas i navegaci\u00f3 tenen com a finalitat regular la relaci\u00f3 entre el titular de la p\u00e0gina web, TMA, com a prestador del servei, i els usuaris que hi accedeixen, naveguen i gaudeixen del servei ofert.<\/p>\n<p>www.totalmediaacademy.com proporciona l&#8217;acc\u00e9s lliure i gratu\u00eft a gran quantitat d&#8217;informaci\u00f3, serveis i dades (d&#8217;ara endavant, \u201cels continguts\u201d), la propietat dels quals pertany a TMA o als seus llicenciants als quals l&#8217;usuari pot tenir acc\u00e9s.<\/p>\n<p>L&#8217;usuari assumeix la responsabilitat de l&#8217;\u00fas adequat del portal de conformitat amb la Llei i aquestes condicions, responsabilitat que s&#8217;est\u00e9n al registre necessari per accedir a determinats serveis i continguts que es presten. Aquest registre comporta l&#8217;emplenament del corresponent formulari, en el qual l&#8217;usuari garanteix l&#8217;autenticitat i l&#8217;actualitat de totes aquelles dades que comuniqui i es compromet a no proporcionar informaci\u00f3 o documentaci\u00f3 falsa, fraudulenta o il\u00b7l\u00edcita. Arran del mateix, pot sorgir la creaci\u00f3 d&#8217;una contrasenya que l&#8217;usuari haur\u00e0 de conservar diligentment i de manera confidencial. L&#8217;usuari ser\u00e0 l&#8217;\u00fanic responsable de les manifestacions falses o inexactes que faci i dels perjudicis que causi TMA o tercers per la informaci\u00f3 que faciliti.<\/p>\n<p>L&#8217;usuari es compromet expressament a fer un \u00fas adequat dels continguts i serveis que www.totalmediaacademy.com ofereix, d&#8217;acord amb el que estableix la llei, la moral, l&#8217;ordre p\u00fablic i les presents condicions i, amb car\u00e0cter enunciatiu per\u00f2 no limitatiu, a no emprar-los per a:<\/p>\n<p>Difondre continguts delictius, violents, pornogr\u00e0fics, racistes, xen\u00f2fobs, ofensius, d&#8217;apologia al terrorisme, que atemptin contra els drets humans o, en general, contraris a la llei o l&#8217;ordre p\u00fablic.<\/p>\n<p>Introduir intencionadament a la xarxa virus inform\u00e0tics o realitzar actuacions susceptibles d&#8217;alterar, fer malb\u00e9, interrompre o generar errors o danys en els sistemes f\u00edsics i l\u00f2gics de TMA, creadora del lloc web, o de terceres persones; aix\u00ed com obstaculitzar lacc\u00e9s daltres usuaris al lloc web i als seus serveis mitjan\u00e7ant el consum massiu dels recursos inform\u00e0tics a trav\u00e9s dels quals TMA presta els seus serveis.<\/p>\n<p>Intentar accedir als comptes de correu electr\u00f2nic d&#8217;altres usuaris o \u00e0rees restringides dels sistemes inform\u00e0tics de TMA o de tercers i, si escau, extreure&#8217;n informaci\u00f3.<\/p>\n<p>Vulnerar els drets de propietat intel\u00b7lectual o industrial, aix\u00ed com difondre, transmetre o posar a disposici\u00f3 de tercers qualsevol tipus dinformaci\u00f3, element o contingut que suposi una violaci\u00f3 del secret de les comunicacions i la legislaci\u00f3 sobre protecci\u00f3 de dades de car\u00e0cter personal.<\/p>\n<p>Suplantar la identitat d&#8217;un altre usuari, de les administracions p\u00fabliques o d&#8217;un tercer, utilitzant les claus de registre als diferents serveis i\/o continguts del lloc web.<\/p>\n<p>Reproduir, copiar, distribuir, posar a disposici\u00f3 o de qualsevol altra manera comunicar p\u00fablicament, transformar o modificar els continguts, llevat que es compti amb lautoritzaci\u00f3 del titular dels corresponents drets dexplotaci\u00f3 o aix\u00f2 resulti legalment perm\u00e8s.<\/p>\n<p>Recollir dades amb finalitat publicit\u00e0ria i remetre publicitat de qualsevol classe i comunicacions amb fins de venda o una altra de naturalesa comercial sense que hi hagi pr\u00e8via sol\u00b7licitud o consentiment.<\/p>\n<p>Qualsevol incompliment de les cl\u00e0usules contingudes en aquest lloc web (Av\u00eds Legal, Pol\u00edtica de Privadesa, Pol\u00edtica de Cookies, aix\u00ed com altres continguts que suposin obligacions per a l&#8217;usuari) i en general de la legalitat vigent a Espanya, es comunicar\u00e0 immediatament per part de Total Media Academy SL a les autoritats pertinents, i es compromet a cooperar amb les mateixes. En aquest cas, l&#8217;usuari respondr\u00e0 davant de TMA o de tercers, de qualssevol danys i perjudicis que es puguin causar com a conseq\u00fc\u00e8ncia de l&#8217;incompliment d&#8217;aquestes obligacions.<\/p>\n<p>TMA no garanteix que la seva p\u00e0gina web compleixi, totalment o parcialment, les legislacions d&#8217;altres pa\u00efsos. Per tant, si l&#8217;usuari resideix o es troba domiciliat a qualsevol altre lloc que no sigui Espanya, i decideix accedir i\/o navegar al present lloc web, ho far\u00e0 sota la seva pr\u00f2pia responsabilitat i risc, havent d&#8217;assegurar-se que aquest acc\u00e9s i\/ o navegaci\u00f3 compleix amb la legislaci\u00f3 local aplicable si escau.<\/p>\n<p>TMA no es fa responsable de cap dany o p\u00e8rdua que es derivi d&#8217;un atac de denegaci\u00f3 de servei, virus o qualsevol altre programa o material tecnol\u00f2gicament perjudicial que pugui afectar el vostre ordinador, equip inform\u00e0tic, dades o materials com a conseq\u00fc\u00e8ncia de l&#8217;\u00fas d&#8217;aquesta p\u00e0gina. web o de la desc\u00e0rrega de continguts de la mateixa o als quals aquesta redireccioni.<\/p>\n<p><strong>NOTIFICACIONS<\/strong><\/p>\n<p>Totes les notificacions i comunicacions entre els usuaris i TMA es consideraran eficaces, amb car\u00e0cter general, quan es realitzin a trav\u00e9s de correu postal, correu electr\u00f2nic o comunicaci\u00f3 telef\u00f2nica. Els usuaris hauran de dirigir-se a Total Media Academy SL mitjan\u00e7ant:<\/p>\n<p>a) Enviament per correu postal a la seg\u00fcent adre\u00e7a: C\/ Diputaci\u00f3 277 (Barcelona, 08007)<\/p>\n<p>b) Comunicaci\u00f3 per mitj\u00e0 de trucada telef\u00f2nica al n\u00famero de tel\u00e8fon: 633 10 39 37<\/p>\n<p>c) Enviament per correu electr\u00f2nic a la seg\u00fcent adre\u00e7a: admin@totalmediaacademy.com<\/p>\n<p>Mitjan\u00e7ant l\u00fas daquesta p\u00e0gina web, lusuari accepta impl\u00edcitament que la major part de les comunicacions es realitzaran per via electr\u00f2nica. A efectes contractuals, l&#8217;usuari consent fer servir aquest mitj\u00e0 electr\u00f2nic de comunicaci\u00f3 i reconeix que tota comunicaci\u00f3 que se li envi\u00ef de forma electr\u00f2nica compleix els requisits legals.<\/p>\n<p><strong>PROTECCI\u00d3 DE DADES DE CAR\u00c0CTER PERSONAL<\/strong><\/p>\n<p>El titular de la p\u00e0gina web es compromet a tractar les dades personals de lusuari de conformitat amb el que estableix la legislaci\u00f3 vigent en la mat\u00e8ria. Concretament, es compromet a aplicar el que disposa la LO 3\/2018, de 5 de desembre, de Protecci\u00f3 de Dades de Car\u00e0cter Personal i garantia dels drets digitals, i al Reglament (UE) 2016\/679 del Parlament Europeu i del Consell de 27 d&#8217;abril del 2016.<\/p>\n<p>Per a m\u00e9s informaci\u00f3 sobre el tractament de les vostres dades personals al portal, adreceu-vos a la Pol\u00edtica de Privadesa.<\/p>\n<p><strong>PROPIETAT INTEL\u00b7LECTUAL I INDUSTRIAL<\/strong><\/p>\n<p>Tots els continguts del lloc web, entre d&#8217;altres, textos, fotografies, gr\u00e0fics, imatges, icones, tecnologia, programari, links i altres continguts audiovisuals, aix\u00ed com el seu disseny gr\u00e0fic i codis font, constitueixen una obra la propietat de la qual pertany a TMA, sense que puguin entendre&#8217;s cedits a l&#8217;usuari cap dels drets d&#8217;explotaci\u00f3 sobre aquests m\u00e9s enll\u00e0 del que \u00e9s estrictament necessari per al correcte \u00fas de la web, i amb independ\u00e8ncia que siguin susceptibles o no de propietat intel\u00b7lectual.<\/p>\n<p>Aix\u00ed mateix, totes les marques, noms comercials o signes distintius de qualsevol classe que apareixen al lloc web s\u00f3n propietat de TMA, sense que es pugui entendre que l&#8217;\u00fas o acc\u00e9s a aquest atribueixi a l&#8217;usuari cap dret sobre aquests.<\/p>\n<p>Queda prohibida la reproducci\u00f3 total o parcial, explotaci\u00f3, distribuci\u00f3, modificaci\u00f3, cessi\u00f3 o comunicaci\u00f3 p\u00fablica dels continguts i qualsevol altre acte que no hagi estat expressament autoritzat pel titular dels drets dexplotaci\u00f3. Qualsevol \u00fas no autoritzat pr\u00e8viament es considera un incompliment greu dels drets de propietat intel\u00b7lectual o industrial de lautor.<\/p>\n<p>Per fer qualsevol tipus d&#8217;observaci\u00f3 respecte a possibles incompliments dels drets de propietat intel\u00b7lectual o industrial, aix\u00ed com sobre qualsevol dels continguts del lloc web, l&#8217;usuari haur\u00e0 de notificar aquesta circumst\u00e0ncia a Total Media Academy, adjuntant-hi la informaci\u00f3 pertinent.<\/p>\n<p>En qualsevol cas, Total Media Academy no assumeix cap responsabilitat respecte dels drets de propietat intel\u00b7lectual o industrial titularitat de tercers que es vegin infringits per un tercer o per l&#8217;usuari.<\/p>\n<p><strong>ENLLA\u00c7OS<\/strong><\/p>\n<p>El lloc web de www.totalmediaacademy.com pot contenir enlla\u00e7os o hipervincles a altres llocs dInternet, respecte als quals no exerceix cap tipus de control. Per tant, una vegada que l&#8217;usuari accedeixi als enlla\u00e7os de tercers i abandoni el lloc web, tant el present Av\u00eds Legal, com la Pol\u00edtica de Privadesa i la Pol\u00edtica de Cookies deixaran de fer efecte, ja que els llocs web als quals el usuari accedeixi estan subjectes a les seves pr\u00f2pies pol\u00edtiques.<\/p>\n<p>TMA no pot assumir cap responsabilitat pel contingut que pugui apar\u00e8ixer en p\u00e0gines de tercers, ni garanteix la disponibilitat t\u00e8cnica, qualitat, fiabilitat, exactitud, amplitud, veracitat, validesa i constitucionalitat de qualsevol material o informaci\u00f3 continguda en cap d&#8217;aquests enlla\u00e7os o hipervincles. Aix\u00ed mateix, la inclusi\u00f3 d&#8217;aquestes connexions externes a llocs web aliens no implica cap mena d&#8217;associaci\u00f3, fusi\u00f3 o participaci\u00f3 amb les entitats connectades.<\/p>\n<p><strong>EXCLUSI\u00d3 DE GARANTIES I RESPONSABILITAT<\/strong><\/p>\n<p>La informaci\u00f3 subministrada per aquest lloc web \u00e9s de car\u00e0cter general i t\u00e9 una finalitat merament informativa, sense que es garanteixi plenament l&#8217;acc\u00e9s a tots els continguts, ni la seva exactitud, exhaustivitat, correcci\u00f3, vig\u00e8ncia o actualitat, ni la seva idone\u00eftat o utilitat per a un objectiu espec\u00edfic.<\/p>\n<p>TMA no es fa responsable, en cap cas, dels danys i perjudicis de qualsevol naturalesa derivats de, a t\u00edtol enunciatiu:<\/p>\n<p>Llista sense ordre Errors o omissions als continguts. TMA no garanteix que els continguts estiguin actualitzats permanentment, ni que no tinguin qualsevol tipus d&#8217;error.<\/p>\n<p>Llista sense ordre Abs\u00e8ncia de disponibilitat del portal. TMA no es fa responsable dels possibles danys o perjudicis generats a l&#8217;usuari com a conseq\u00fc\u00e8ncia d&#8217;errors o desconnexions a les xarxes de telecomunicacions que suposin la suspensi\u00f3, cancel\u00b7laci\u00f3 o interrupci\u00f3 del servei del lloc web, ja que el funcionament d&#8217;aquestes xarxes dep\u00e8n de tercers .<\/p>\n<p>Llista sense ordre Pres\u00e8ncia de virus o programes maliciosos o lesius en els continguts que puguin alterar els sistemes inform\u00e0tics, documents electr\u00f2nics o dades dels usuaris, tot i haver adoptat totes les mesures tecnol\u00f2giques necess\u00e0ries per prevenir-lo. Correspon a l&#8217;usuari, en tot cas, estar prove\u00eft d&#8217;eines adequades que el protegeixin davant de programes inform\u00e0tics perjudicials.<\/p>\n<p><strong>LLEI APLICABLE I JURISDICCI\u00d3<\/strong><\/p>\n<p>Les relacions establertes entre Total Media Academy SL, titular de la p\u00e0gina web, i l&#8217;usuari es regir\u00e0 per la normativa espanyola vigent i la resoluci\u00f3 de qualsevol possible controv\u00e8rsia que pugui sorgir quedar\u00e0 sotmesa als jutjats i als tribunals de la ciutat de Barcelona.<\/p>\n","protected":false},"excerpt":{"rendered":"<p>Total Media Academy SL, en endavant, TMA responsable d&#8217;aquest lloc web, posa a disposici\u00f3 dels usuaris d&#8217;Internet aquest document, la finalitat del qual \u00e9s complir les obligacions establertes a la Llei 34\/2002, d&#8217;11 de juny, de serveis de la Societat de la Informaci\u00f3 i de Comer\u00e7 Electr\u00f2nic (LSSICE) i la resta de normativa aplicable, aix\u00ed [&hellip;]<\/p>\n","protected":false},"author":1,"featured_media":0,"parent":0,"menu_order":0,"comment_status":"closed","ping_status":"closed","template":"","meta":{"_acf_changed":false,"footnotes":""},"class_list":["post-742","page","type-page","status-publish","hentry"],"acf":[],"yoast_head":"<!-- This site is optimized with the Yoast SEO plugin v25.6 - https:\/\/yoast.com\/wordpress\/plugins\/seo\/ -->\n<title>Avis legal - Total Media Academy<\/title>\n<meta name=\"robots\" content=\"index, follow, max-snippet:-1, max-image-preview:large, max-video-preview:-1\" \/>\n<link rel=\"canonical\" href=\"https:\/\/totalmediaacademy.com\/ca\/avis-legal\/\" \/>\n<meta property=\"og:locale\" content=\"ca_ES\" \/>\n<meta property=\"og:type\" content=\"article\" \/>\n<meta property=\"og:title\" content=\"Avis legal - Total Media Academy\" \/>\n<meta property=\"og:description\" content=\"Total Media Academy SL, en endavant, TMA responsable d&#8217;aquest lloc web, posa a disposici\u00f3 dels usuaris d&#8217;Internet aquest document, la finalitat del qual \u00e9s complir les obligacions establertes a la Llei 34\/2002, d&#8217;11 de juny, de serveis de la Societat de la Informaci\u00f3 i de Comer\u00e7 Electr\u00f2nic (LSSICE) i la resta de normativa aplicable, aix\u00ed [&hellip;]\" \/>\n<meta property=\"og:url\" content=\"https:\/\/totalmediaacademy.com\/ca\/avis-legal\/\" \/>\n<meta property=\"og:site_name\" content=\"Total Media Academy\" \/>\n<meta property=\"article:modified_time\" content=\"2024-07-15T14:43:23+00:00\" \/>\n<meta name=\"twitter:card\" content=\"summary_large_image\" \/>\n<meta name=\"twitter:label1\" content=\"Est. reading time\" \/>\n\t<meta name=\"twitter:data1\" content=\"10 minutes\" \/>\n<!-- \/ Yoast SEO plugin. -->","yoast_head_json":{"title":"Avis legal - Total Media Academy","robots":{"index":"index","follow":"follow","max-snippet":"max-snippet:-1","max-image-preview":"max-image-preview:large","max-video-preview":"max-video-preview:-1"},"canonical":"https:\/\/totalmediaacademy.com\/ca\/avis-legal\/","og_locale":"ca_ES","og_type":"article","og_title":"Avis legal - Total Media Academy","og_description":"Total Media Academy SL, en endavant, TMA responsable d&#8217;aquest lloc web, posa a disposici\u00f3 dels usuaris d&#8217;Internet aquest document, la finalitat del qual \u00e9s complir les obligacions establertes a la Llei 34\/2002, d&#8217;11 de juny, de serveis de la Societat de la Informaci\u00f3 i de Comer\u00e7 Electr\u00f2nic (LSSICE) i la resta de normativa aplicable, aix\u00ed [&hellip;]","og_url":"https:\/\/totalmediaacademy.com\/ca\/avis-legal\/","og_site_name":"Total Media Academy","article_modified_time":"2024-07-15T14:43:23+00:00","twitter_card":"summary_large_image","twitter_misc":{"Est. reading time":"10 minutes"},"schema":{"@context":"https:\/\/schema.org","@graph":[{"@type":"WebPage","@id":"https:\/\/totalmediaacademy.com\/ca\/avis-legal\/","url":"https:\/\/totalmediaacademy.com\/ca\/avis-legal\/","name":"Avis legal - Total Media Academy","isPartOf":{"@id":"https:\/\/totalmediaacademy.com\/ca\/#website"},"datePublished":"2024-07-15T14:29:00+00:00","dateModified":"2024-07-15T14:43:23+00:00","inLanguage":"ca","potentialAction":[{"@type":"ReadAction","target":["https:\/\/totalmediaacademy.com\/ca\/avis-legal\/"]}]},{"@type":"WebSite","@id":"https:\/\/totalmediaacademy.com\/ca\/#website","url":"https:\/\/totalmediaacademy.com\/ca\/","name":"Total Media Academy","description":"","publisher":{"@id":"https:\/\/totalmediaacademy.com\/ca\/#organization"},"potentialAction":[{"@type":"SearchAction","target":{"@type":"EntryPoint","urlTemplate":"https:\/\/totalmediaacademy.com\/ca\/?s={search_term_string}"},"query-input":{"@type":"PropertyValueSpecification","valueRequired":true,"valueName":"search_term_string"}}],"inLanguage":"ca"},{"@type":"Organization","@id":"https:\/\/totalmediaacademy.com\/ca\/#organization","name":"Total Media Academy","url":"https:\/\/totalmediaacademy.com\/ca\/","logo":{"@type":"ImageObject","inLanguage":"ca","@id":"https:\/\/totalmediaacademy.com\/ca\/#\/schema\/logo\/image\/","url":"https:\/\/totalmediaacademy.com\/wp-content\/uploads\/2024\/04\/cropped-cropped-favicon.jpg","contentUrl":"https:\/\/totalmediaacademy.com\/wp-content\/uploads\/2024\/04\/cropped-cropped-favicon.jpg","width":512,"height":512,"caption":"Total Media Academy"},"image":{"@id":"https:\/\/totalmediaacademy.com\/ca\/#\/schema\/logo\/image\/"},"sameAs":["https:\/\/www.linkedin.com\/company\/total-media-academy\/"]}]}},"_links":{"self":[{"href":"https:\/\/totalmediaacademy.com\/ca\/wp-json\/wp\/v2\/pages\/742","targetHints":{"allow":["GET"]}}],"collection":[{"href":"https:\/\/totalmediaacademy.com\/ca\/wp-json\/wp\/v2\/pages"}],"about":[{"href":"https:\/\/totalmediaacademy.com\/ca\/wp-json\/wp\/v2\/types\/page"}],"author":[{"embeddable":true,"href":"https:\/\/totalmediaacademy.com\/ca\/wp-json\/wp\/v2\/users\/1"}],"replies":[{"embeddable":true,"href":"https:\/\/totalmediaacademy.com\/ca\/wp-json\/wp\/v2\/comments?post=742"}],"version-history":[{"count":3,"href":"https:\/\/totalmediaacademy.com\/ca\/wp-json\/wp\/v2\/pages\/742\/revisions"}],"predecessor-version":[{"id":751,"href":"https:\/\/totalmediaacademy.com\/ca\/wp-json\/wp\/v2\/pages\/742\/revisions\/751"}],"wp:attachment":[{"href":"https:\/\/totalmediaacademy.com\/ca\/wp-json\/wp\/v2\/media?parent=742"}],"curies":[{"name":"wp","href":"https:\/\/api.w.org\/{rel}","templated":true}]}}