{"id":582,"date":"2023-03-24T06:34:26","date_gmt":"2023-03-24T06:34:26","guid":{"rendered":"https:\/\/totalmediaacademy.com\/?page_id=582"},"modified":"2024-07-15T14:43:12","modified_gmt":"2024-07-15T14:43:12","slug":"privacy-policy","status":"publish","type":"page","link":"https:\/\/totalmediaacademy.com\/ca\/privacy-policy\/","title":{"rendered":"Pol\u00edtica de privacitat"},"content":{"rendered":"<p>Total Media Academy SL informa els usuaris de la seva p\u00e0gina web\u00a0<a href=\"https:\/\/www.totalmediaacademy.com\/ca\/\">www.totalmediaacademy.com<\/a>\u00a0a trav\u00e9s d&#8217;aquesta Pol\u00edtica de Privadesa sobre el tractament i protecci\u00f3 de les dades de car\u00e0cter personal dels usuaris que puguin ser demanats mitjan\u00e7ant la seva navegaci\u00f3 o contractaci\u00f3 de serveis que realitzin en aquest portal. L&#8217;\u00fas d&#8217;aquest web per part de l&#8217;usuari comporta l&#8217;acceptaci\u00f3 d&#8217;aquesta Pol\u00edtica de Privadesa.<\/p>\n<p>Total Media Academy SL adopta les mesures necess\u00e0ries per garantir la seguretat, integritat i confidencialitat de les dades d&#8217;acord amb el que estableix el Reglament (UE) 2016\/679 del Parlament Europeu i del Consell, de 27 d&#8217;abril de 2016, relatiu a la protecci\u00f3 de les persones f\u00edsiques pel que fa al tractament de dades personals i a la lliure circulaci\u00f3 de les mateixes, i en all\u00f2 no previst per aquest per la Llei Org\u00e0nica 3\/2018 de 5 de desembre, de Protecci\u00f3 de Dades Personals i garantia dels drets digitals, el Reial Decret 1720\/2007, de 21 de desembre, pel qual s&#8217;aprova el Reglament de desplegament de la Llei Org\u00e0nica de Protecci\u00f3 de Dades, i la Llei 34\/2002, d&#8217;11 de juliol, de Serveis de la Societat de la Informaci\u00f3 i de Comer\u00e7 Electr\u00f2nic.<\/p>\n<p>Mitjan\u00e7ant els formularis de registre del present lloc web o l&#8217;enviament de correu electr\u00f2nic es recullen i tracten dades personals de cada usuari que s\u00f3n necess\u00e0ries per a la gesti\u00f3 i manteniment d&#8217;alguns dels serveis prestats i el tractament dels quals es regeix per aquesta Pol\u00edtica de Privadesa.<\/p>\n<p><strong>RESPONSABLE DEL TRACTAMENT DE LES DADES PERSONALS<\/strong><\/p>\n<p>Total Media Academy SL amb NIF\/CIF B5673819, amb domicili social a aquests efectes a Diputaci\u00f3 277, Barcelona, tel\u00e8fon 633 10 39 37, adre\u00e7a de correu electr\u00f2nic de contacte info@totalmediaacademy.com, inscrita al Registre Mercantil Barcelona, Tom 49029, Foli 181.<\/p>\n<p>Total Media Academy SL es compromet a aplicar les mesures de seguretat inform\u00e0tica previstes a la normativa esmentada pr\u00e8viament, amb l&#8217;objectiu d&#8217;impedir l&#8217;acc\u00e9s o \u00fas indegut de les dades, la seva manipulaci\u00f3, deteriorament o p\u00e8rdua.<\/p>\n<p><strong>DURADA DE L&#8217;EMMAGATZEMATGE DE LES DADES<\/strong><\/p>\n<p>Total Media Academy SL, com a responsable del tractament, es compromet a emmagatzemar i gestionar les dades personals i informaci\u00f3 recollida mitjan\u00e7ant aquesta p\u00e0gina web amb la deguda confidencialitat mentre es mantingui la relaci\u00f3 professional sorgida i la persona interessada no sol\u00b7liciti la seva supressi\u00f3, i si escau , per un termini no superior a 5 anys, comptadors des de la finalitzaci\u00f3 de la relaci\u00f3 comercial establerta entre l&#8217;usuari i Total Media Academy SL. Aix\u00f2 no obstant, el responsable del tractament podr\u00e0 conservar, degudament bloquejades, les dades per atendre possibles responsabilitats administratives o jurisdiccionals.<\/p>\n<p><strong>FINALITATS DEL TRACTAMENT DE DADES<\/strong><\/p>\n<p>Les operacions, gestions i procediments t\u00e8cnics, ja siguin realitzats de forma automatitzada com no automatitzada, que possibilitin la recollida, l&#8217;emmagatzematge, la modificaci\u00f3, la transfer\u00e8ncia i altres accions sobre dades de car\u00e0cter personal, tenen la consideraci\u00f3 de tractament de dades personals.<\/p>\n<p>A Total Media Academy SL tractem les dades personals que l&#8217;usuari ens facilita a trav\u00e9s de www.totalmediaacademy.com per tal d&#8217;incloure&#8217;ls a l&#8217;agenda de contactes, gestionar la relaci\u00f3 comercial sol\u00b7licitada i utilitzar aix\u00ed aquesta informaci\u00f3 com a mitj\u00e0 de contacte d&#8217;aquesta empresa . A m\u00e9s, el tractament d&#8217;aquestes dades recollides tamb\u00e9 implica gestionar l&#8217;enviament de la informaci\u00f3 que ens sigui sol\u00b7licitada i poder respondre a les consultes o q\u00fcestions que l&#8217;usuari remeti a trav\u00e9s del lloc web, facilitant alhora als interessats les ofertes de serveis que siguin del seu inter\u00e8s [indicar les altres finalitats, en cas que n&#8217;hi hagi]<\/p>\n<p>Els camps dels registres s&#8217;han d&#8217;emplenar obligat\u00f2riament perqu\u00e8 Total Media Academy SL pugui complir les finalitats esmentades amb anterioritat.<\/p>\n<p>Lusuari pot oposar-se a l&#8217;enviament de comunicacions comercials en qualsevol moment mitjan\u00e7ant l&#8217;enviament d&#8217;un missatge de correu electr\u00f2nic a l&#8217;adre\u00e7a indicada supra l\u00ednies.<\/p>\n<p><strong>LEGITIMACI\u00d3 PER AL TRACTAMENT DE LES DADES<\/strong><\/p>\n<p>El tractament de les dades personals que proporciona l&#8217;usuari es realitza en base a les bases jur\u00eddiques seg\u00fcents que legitimen el mateix:<\/p>\n<p>La contractaci\u00f3 de serveis de Total Media Academy SL i l&#8217;execuci\u00f3 de l&#8217;enc\u00e0rrec professional sol\u00b7licitat, els termes i condicions dels quals es posaran a disposici\u00f3 de l&#8217;usuari de forma pr\u00e8via a una eventual contractaci\u00f3. Per poder dur a terme aquesta relaci\u00f3 professional sol\u00b7licitada, linteressat est\u00e0 obligat a facilitar les seves dades.<\/p>\n<p>El consentiment lliure, espec\u00edfic, informat i inequ\u00edvoc, ja que despr\u00e9s de la lectura de la present Pol\u00edtica de Privadesa l&#8217;usuari queda informat i, en cas d&#8217;estar-hi conforme, pot acceptar-la mitjan\u00e7ant una declaraci\u00f3 o una clara acci\u00f3 afirmativa, com el marcatge d&#8217;una casella que es disposa a aquest efecte.<\/p>\n<p>En cas que l&#8217;interessat no faciliti les dades esmentades o aquestes siguin err\u00f2nies o inexactes, no podrem atendre la seva sol\u00b7licitud, resultant impossible proporcionar-li la informaci\u00f3 sol\u00b7licitada o dur a terme la contractaci\u00f3 dels serveis. Per tant, el responsable del tractament, Total Media Academy SL, queda exonerat de tota responsabilitat que pogu\u00e9s derivar-se de la no-execuci\u00f3 de l&#8217;enc\u00e0rrec professional o de les conseq\u00fc\u00e8ncies que es derivin d&#8217;aquestes informacions inexactes o err\u00f2nies.<\/p>\n<p><strong>COMUNICACI\u00d3 DE DADES<\/strong><\/p>\n<p>Amb car\u00e0cter general Total Media Academy SL no comunicar\u00e0 aquestes dades personals a tercers, llevat que la prestaci\u00f3 d&#8217;un servei impliqui la necessitat d&#8217;una relaci\u00f3 contractual amb un encarregat de tractament i aix\u00f2 sigui estrictament necessari per gestionar i mantenir la relaci\u00f3 entre el usuari i l&#8217;empresa esmentada, pr\u00e8via autoritzaci\u00f3 expressa per part de l&#8217;usuari. Aix\u00f2 es far\u00e0 nom\u00e9s durant el temps imprescindible per possibilitar l&#8217;execuci\u00f3 del contracte d&#8217;enc\u00e0rrec, i en les mateixes condicions i amb les mateixes responsabilitats que se li exigeixen al responsable. Un cop finalitzat l&#8217;enc\u00e0rrec, l&#8217;encarregat del tractament tornar\u00e0 al Responsable les dades personals i suprimir\u00e0 qualsevol c\u00f2pia de qu\u00e8 disposi.<\/p>\n<p>D&#8217;altra banda, nom\u00e9s tindran dret a accedir a aquestes dades personals els tercers amb qu\u00e8 Total Media Academy SL tingui una obligaci\u00f3 legal o contractual de facilitar-les, entre les quals s&#8217;inclouen, per exemple, el Defensor del Poble i Jutges i Tribunals interessats en els procediments relacionats amb les reclamacions presentades.<\/p>\n<p><strong>DRETS DELS INTERESSATS<\/strong><\/p>\n<p>L&#8217;usuari podr\u00e0 exercitar en tot moment, en els termes establerts a la legislaci\u00f3 vigent, els drets d&#8217;acc\u00e9s, rectificaci\u00f3 o supressi\u00f3 de dades, sol\u00b7licitar que es limiti el tractament, oposar-s&#8217;hi, sol\u00b7licitar la portabilitat de les seves dades, aix\u00ed com revocar el consentiment prestat, drets reconeguts a l&#8217;esmentat Reglament (UE). L&#8217;exercici d&#8217;aquests drets el pot fer el mateix usuari dirigint-se a Total Media Academyen la direcci\u00f3 de la seu social indicada anteriorment; a trav\u00e9s de l&#8217;enviament d&#8217;un correu electr\u00f2nic a l&#8217;adre\u00e7a seg\u00fcent info@totalmediaacademy.com oa l&#8217;adre\u00e7a postal Diputaci\u00f3 277 de Barcelona.<\/p>\n<p>Per a l&#8217;efectiu exercici d&#8217;aquests drets, l&#8217;usuari haur\u00e0 d&#8217;acreditar la seva identitat facilitant el seu nom i cognoms, fotoc\u00f2pia del DNI o document identificatiu equivalent que acrediti la seva identitat, petici\u00f3 en qu\u00e8 es concreti la sol\u00b7licitud, adre\u00e7a a efectes de notificacions, i data i signatura del sol\u00b7licitant.<\/p>\n<p>Aix\u00ed mateix, l&#8217;usuari podr\u00e0 reclamar davant l&#8217;Ag\u00e8ncia Espanyola de Protecci\u00f3 de Dades (Autoritat de Control competent en aquesta mat\u00e8ria), especialment quan no hagi obtingut satisfacci\u00f3 en l&#8217;exercici dels seus drets, mitjan\u00e7ant escrit dirigit a la mateixa, C\/Jorge Juan, n\u00fam. , 28001 \u2013 Madrid, oa trav\u00e9s de la web: https:\/\/www.agpd.es<\/p>\n","protected":false},"excerpt":{"rendered":"<p>Total Media Academy SL informa els usuaris de la seva p\u00e0gina web\u00a0www.totalmediaacademy.com\u00a0a trav\u00e9s d&#8217;aquesta Pol\u00edtica de Privadesa sobre el tractament i protecci\u00f3 de les dades de car\u00e0cter personal dels usuaris que puguin ser demanats mitjan\u00e7ant la seva navegaci\u00f3 o contractaci\u00f3 de serveis que realitzin en aquest portal. L&#8217;\u00fas d&#8217;aquest web per part de l&#8217;usuari comporta [&hellip;]<\/p>\n","protected":false},"author":1,"featured_media":0,"parent":0,"menu_order":0,"comment_status":"closed","ping_status":"closed","template":"","meta":{"_acf_changed":false,"footnotes":""},"class_list":["post-582","page","type-page","status-publish","hentry"],"acf":[],"yoast_head":"<!-- This site is optimized with the Yoast SEO plugin v25.6 - https:\/\/yoast.com\/wordpress\/plugins\/seo\/ -->\n<title>Pol\u00edtica de privacitat - Total Media Academy<\/title>\n<meta name=\"robots\" content=\"index, follow, max-snippet:-1, max-image-preview:large, max-video-preview:-1\" \/>\n<link rel=\"canonical\" href=\"https:\/\/totalmediaacademy.com\/ca\/privacy-policy\/\" \/>\n<meta property=\"og:locale\" content=\"ca_ES\" \/>\n<meta property=\"og:type\" content=\"article\" \/>\n<meta property=\"og:title\" content=\"Pol\u00edtica de privacitat - Total Media Academy\" \/>\n<meta property=\"og:description\" content=\"Total Media Academy SL informa els usuaris de la seva p\u00e0gina web\u00a0www.totalmediaacademy.com\u00a0a trav\u00e9s d&#8217;aquesta Pol\u00edtica de Privadesa sobre el tractament i protecci\u00f3 de les dades de car\u00e0cter personal dels usuaris que puguin ser demanats mitjan\u00e7ant la seva navegaci\u00f3 o contractaci\u00f3 de serveis que realitzin en aquest portal. L&#8217;\u00fas d&#8217;aquest web per part de l&#8217;usuari comporta [&hellip;]\" \/>\n<meta property=\"og:url\" content=\"https:\/\/totalmediaacademy.com\/ca\/privacy-policy\/\" \/>\n<meta property=\"og:site_name\" content=\"Total Media Academy\" \/>\n<meta property=\"article:modified_time\" content=\"2024-07-15T14:43:12+00:00\" \/>\n<meta name=\"twitter:card\" content=\"summary_large_image\" \/>\n<meta name=\"twitter:label1\" content=\"Est. reading time\" \/>\n\t<meta name=\"twitter:data1\" content=\"6 minutes\" \/>\n<!-- \/ Yoast SEO plugin. -->","yoast_head_json":{"title":"Pol\u00edtica de privacitat - Total Media Academy","robots":{"index":"index","follow":"follow","max-snippet":"max-snippet:-1","max-image-preview":"max-image-preview:large","max-video-preview":"max-video-preview:-1"},"canonical":"https:\/\/totalmediaacademy.com\/ca\/privacy-policy\/","og_locale":"ca_ES","og_type":"article","og_title":"Pol\u00edtica de privacitat - Total Media Academy","og_description":"Total Media Academy SL informa els usuaris de la seva p\u00e0gina web\u00a0www.totalmediaacademy.com\u00a0a trav\u00e9s d&#8217;aquesta Pol\u00edtica de Privadesa sobre el tractament i protecci\u00f3 de les dades de car\u00e0cter personal dels usuaris que puguin ser demanats mitjan\u00e7ant la seva navegaci\u00f3 o contractaci\u00f3 de serveis que realitzin en aquest portal. L&#8217;\u00fas d&#8217;aquest web per part de l&#8217;usuari comporta [&hellip;]","og_url":"https:\/\/totalmediaacademy.com\/ca\/privacy-policy\/","og_site_name":"Total Media Academy","article_modified_time":"2024-07-15T14:43:12+00:00","twitter_card":"summary_large_image","twitter_misc":{"Est. reading time":"6 minutes"},"schema":{"@context":"https:\/\/schema.org","@graph":[{"@type":"WebPage","@id":"https:\/\/totalmediaacademy.com\/ca\/privacy-policy\/","url":"https:\/\/totalmediaacademy.com\/ca\/privacy-policy\/","name":"Pol\u00edtica de privacitat - Total Media Academy","isPartOf":{"@id":"https:\/\/totalmediaacademy.com\/ca\/#website"},"datePublished":"2023-03-24T06:34:26+00:00","dateModified":"2024-07-15T14:43:12+00:00","inLanguage":"ca","potentialAction":[{"@type":"ReadAction","target":["https:\/\/totalmediaacademy.com\/ca\/privacy-policy\/"]}]},{"@type":"WebSite","@id":"https:\/\/totalmediaacademy.com\/ca\/#website","url":"https:\/\/totalmediaacademy.com\/ca\/","name":"Total Media Academy","description":"","publisher":{"@id":"https:\/\/totalmediaacademy.com\/ca\/#organization"},"potentialAction":[{"@type":"SearchAction","target":{"@type":"EntryPoint","urlTemplate":"https:\/\/totalmediaacademy.com\/ca\/?s={search_term_string}"},"query-input":{"@type":"PropertyValueSpecification","valueRequired":true,"valueName":"search_term_string"}}],"inLanguage":"ca"},{"@type":"Organization","@id":"https:\/\/totalmediaacademy.com\/ca\/#organization","name":"Total Media Academy","url":"https:\/\/totalmediaacademy.com\/ca\/","logo":{"@type":"ImageObject","inLanguage":"ca","@id":"https:\/\/totalmediaacademy.com\/ca\/#\/schema\/logo\/image\/","url":"https:\/\/totalmediaacademy.com\/wp-content\/uploads\/2024\/04\/cropped-cropped-favicon.jpg","contentUrl":"https:\/\/totalmediaacademy.com\/wp-content\/uploads\/2024\/04\/cropped-cropped-favicon.jpg","width":512,"height":512,"caption":"Total Media Academy"},"image":{"@id":"https:\/\/totalmediaacademy.com\/ca\/#\/schema\/logo\/image\/"},"sameAs":["https:\/\/www.linkedin.com\/company\/total-media-academy\/"]}]}},"_links":{"self":[{"href":"https:\/\/totalmediaacademy.com\/ca\/wp-json\/wp\/v2\/pages\/582","targetHints":{"allow":["GET"]}}],"collection":[{"href":"https:\/\/totalmediaacademy.com\/ca\/wp-json\/wp\/v2\/pages"}],"about":[{"href":"https:\/\/totalmediaacademy.com\/ca\/wp-json\/wp\/v2\/types\/page"}],"author":[{"embeddable":true,"href":"https:\/\/totalmediaacademy.com\/ca\/wp-json\/wp\/v2\/users\/1"}],"replies":[{"embeddable":true,"href":"https:\/\/totalmediaacademy.com\/ca\/wp-json\/wp\/v2\/comments?post=582"}],"version-history":[{"count":4,"href":"https:\/\/totalmediaacademy.com\/ca\/wp-json\/wp\/v2\/pages\/582\/revisions"}],"predecessor-version":[{"id":750,"href":"https:\/\/totalmediaacademy.com\/ca\/wp-json\/wp\/v2\/pages\/582\/revisions\/750"}],"wp:attachment":[{"href":"https:\/\/totalmediaacademy.com\/ca\/wp-json\/wp\/v2\/media?parent=582"}],"curies":[{"name":"wp","href":"https:\/\/api.w.org\/{rel}","templated":true}]}}